{"id":33,"date":"2025-03-19T10:23:59","date_gmt":"2025-03-19T09:23:59","guid":{"rendered":"https:\/\/mathieulebot.com\/?page_id=33"},"modified":"2025-04-30T22:23:53","modified_gmt":"2025-04-30T20:23:53","slug":"a-propos","status":"publish","type":"page","link":"https:\/\/mathieulebot.com\/index.php\/a-propos\/","title":{"rendered":"A propos"},"content":{"rendered":"\t\t<div data-elementor-type=\"wp-page\" data-elementor-id=\"33\" class=\"elementor elementor-33\">\n\t\t\t\t<div class=\"elementor-element elementor-element-e27d8b8 e-con-full e-flex e-con e-parent\" data-id=\"e27d8b8\" data-element_type=\"container\" data-e-type=\"container\" data-settings=\"{&quot;background_background&quot;:&quot;classic&quot;}\">\n\t\t\t\t<div class=\"elementor-element elementor-element-b040a35 elementor-widget__width-initial elementor-widget elementor-widget-image\" data-id=\"b040a35\" data-element_type=\"widget\" data-e-type=\"widget\" data-widget_type=\"image.default\">\n\t\t\t\t<div class=\"elementor-widget-container\">\n\t\t\t\t\t\t\t\t\t\t\t\t\t\t\t<img fetchpriority=\"high\" decoding=\"async\" width=\"1024\" height=\"682\" src=\"https:\/\/mathieulebot.com\/wp-content\/uploads\/2025\/03\/Sarah-Scaniglia-127-WEB-1024x682.jpg\" class=\"attachment-large size-large wp-image-613\" alt=\"\" srcset=\"https:\/\/mathieulebot.com\/wp-content\/uploads\/2025\/03\/Sarah-Scaniglia-127-WEB-1024x682.jpg 1024w, https:\/\/mathieulebot.com\/wp-content\/uploads\/2025\/03\/Sarah-Scaniglia-127-WEB-300x200.jpg 300w, https:\/\/mathieulebot.com\/wp-content\/uploads\/2025\/03\/Sarah-Scaniglia-127-WEB-768x512.jpg 768w, https:\/\/mathieulebot.com\/wp-content\/uploads\/2025\/03\/Sarah-Scaniglia-127-WEB-1536x1024.jpg 1536w, https:\/\/mathieulebot.com\/wp-content\/uploads\/2025\/03\/Sarah-Scaniglia-127-WEB.jpg 1850w\" sizes=\"(max-width: 1024px) 100vw, 1024px\" \/>\t\t\t\t\t\t\t\t\t\t\t\t\t\t\t<\/div>\n\t\t\t\t<\/div>\n\t\t\t\t<div class=\"elementor-element elementor-element-1231464 elementor-widget__width-auto elementor-widget elementor-widget-heading\" data-id=\"1231464\" data-element_type=\"widget\" data-e-type=\"widget\" data-widget_type=\"heading.default\">\n\t\t\t\t<div class=\"elementor-widget-container\">\n\t\t\t\t\t<h2 class=\"elementor-heading-title elementor-size-default\"><a href=\"https:\/\/www.sarah-scaniglia.com\/\" target=\"_blank\">photo Sarah Scaniglia<\/a><\/h2>\t\t\t\t<\/div>\n\t\t\t\t<\/div>\n\t\t\t\t<div class=\"elementor-element elementor-element-ac15ea3 elementor-widget elementor-widget-spacer\" data-id=\"ac15ea3\" data-element_type=\"widget\" data-e-type=\"widget\" data-widget_type=\"spacer.default\">\n\t\t\t\t<div class=\"elementor-widget-container\">\n\t\t\t\t\t\t\t<div class=\"elementor-spacer\">\n\t\t\t<div class=\"elementor-spacer-inner\"><\/div>\n\t\t<\/div>\n\t\t\t\t\t\t<\/div>\n\t\t\t\t<\/div>\n\t\t\t\t<\/div>\n\t\t<div class=\"elementor-element elementor-element-f3c2cea e-con-full e-flex e-con e-parent\" data-id=\"f3c2cea\" data-element_type=\"container\" data-e-type=\"container\" data-settings=\"{&quot;background_background&quot;:&quot;classic&quot;}\">\n\t\t<div class=\"elementor-element elementor-element-7c8ce86 e-con-full e-flex e-con e-child\" data-id=\"7c8ce86\" data-element_type=\"container\" data-e-type=\"container\">\n\t\t\t\t<div class=\"elementor-element elementor-element-a55f837 elementor-widget__width-initial elementor-widget-mobile__width-initial elementor-widget elementor-widget-image\" data-id=\"a55f837\" data-element_type=\"widget\" data-e-type=\"widget\" data-widget_type=\"image.default\">\n\t\t\t\t<div class=\"elementor-widget-container\">\n\t\t\t\t\t\t\t\t\t\t\t\t\t\t\t<img decoding=\"async\" width=\"576\" height=\"1024\" src=\"https:\/\/mathieulebot.com\/wp-content\/uploads\/2025\/03\/P_20190516_165704-576x1024.jpg\" class=\"attachment-large size-large wp-image-610\" alt=\"\" srcset=\"https:\/\/mathieulebot.com\/wp-content\/uploads\/2025\/03\/P_20190516_165704-576x1024.jpg 576w, https:\/\/mathieulebot.com\/wp-content\/uploads\/2025\/03\/P_20190516_165704-169x300.jpg 169w, https:\/\/mathieulebot.com\/wp-content\/uploads\/2025\/03\/P_20190516_165704-768x1365.jpg 768w, https:\/\/mathieulebot.com\/wp-content\/uploads\/2025\/03\/P_20190516_165704-864x1536.jpg 864w, https:\/\/mathieulebot.com\/wp-content\/uploads\/2025\/03\/P_20190516_165704-1152x2048.jpg 1152w, https:\/\/mathieulebot.com\/wp-content\/uploads\/2025\/03\/P_20190516_165704-scaled.jpg 1440w\" sizes=\"(max-width: 576px) 100vw, 576px\" \/>\t\t\t\t\t\t\t\t\t\t\t\t\t\t\t<\/div>\n\t\t\t\t<\/div>\n\t\t\t\t<\/div>\n\t\t<div class=\"elementor-element elementor-element-ca81d42 e-con-full e-flex e-con e-child\" data-id=\"ca81d42\" data-element_type=\"container\" data-e-type=\"container\">\n\t\t<div class=\"elementor-element elementor-element-1fa1235 e-con-full e-flex e-con e-child\" data-id=\"1fa1235\" data-element_type=\"container\" data-e-type=\"container\" data-settings=\"{&quot;background_background&quot;:&quot;classic&quot;}\">\n\t\t\t\t<div class=\"elementor-element elementor-element-3683af0 elementor-widget elementor-widget-heading\" data-id=\"3683af0\" data-element_type=\"widget\" data-e-type=\"widget\" data-widget_type=\"heading.default\">\n\t\t\t\t<div class=\"elementor-widget-container\">\n\t\t\t\t\t<h2 class=\"elementor-heading-title elementor-size-default\">Musicien<\/h2>\t\t\t\t<\/div>\n\t\t\t\t<\/div>\n\t\t\t\t<div class=\"elementor-element elementor-element-fa720f8 elementor-widget elementor-widget-text-editor\" data-id=\"fa720f8\" data-element_type=\"widget\" data-e-type=\"widget\" data-widget_type=\"text-editor.default\">\n\t\t\t\t<div class=\"elementor-widget-container\">\n\t\t\t\t\t\t\t\t\t<div id=\"comp-k49m0mbc7\" class=\"HcOXKn SxM0TO QxJLC3 lq2cno YQcXTT comp-k49m0mbc7 wixui-rich-text\" data-testid=\"richTextElement\"><div id=\"comp-k49m0mbd1\" class=\"HcOXKn SxM0TO QxJLC3 lq2cno YQcXTT comp-k49m0mbd1 wixui-rich-text\" data-testid=\"richTextElement\"><span class=\"color_15 wixui-rich-text__text\">Musicien professionnel depuis le d\u00e9but des ann\u00e9es 2000, Mathieu a eu le plaisir d&rsquo;accompagner des artistes d&rsquo;horizons diff\u00e9rents. Son go\u00fbt pour toutes les musiques lui a permis de d\u00e9velopper une polyvalence dans les musiques actuelles.<\/span><\/div><\/div>\t\t\t\t\t\t\t\t<\/div>\n\t\t\t\t<\/div>\n\t\t\t\t<\/div>\n\t\t\t\t<\/div>\n\t\t<div class=\"elementor-element elementor-element-f0797b2 e-con-full e-flex e-con e-child\" data-id=\"f0797b2\" data-element_type=\"container\" data-e-type=\"container\">\n\t\t\t\t<div class=\"elementor-element elementor-element-2d9874f elementor-widget__width-initial elementor-widget-mobile__width-initial elementor-widget elementor-widget-image\" data-id=\"2d9874f\" data-element_type=\"widget\" data-e-type=\"widget\" data-widget_type=\"image.default\">\n\t\t\t\t<div class=\"elementor-widget-container\">\n\t\t\t\t\t\t\t\t\t\t\t\t\t\t\t<img decoding=\"async\" width=\"683\" height=\"1024\" src=\"https:\/\/mathieulebot.com\/wp-content\/uploads\/2025\/03\/OrchestreGalaxieA\u00a9JeremyJehanin46-683x1024.jpg\" class=\"attachment-large size-large wp-image-612\" alt=\"\" srcset=\"https:\/\/mathieulebot.com\/wp-content\/uploads\/2025\/03\/OrchestreGalaxieA\u00a9JeremyJehanin46-683x1024.jpg 683w, https:\/\/mathieulebot.com\/wp-content\/uploads\/2025\/03\/OrchestreGalaxieA\u00a9JeremyJehanin46-200x300.jpg 200w, https:\/\/mathieulebot.com\/wp-content\/uploads\/2025\/03\/OrchestreGalaxieA\u00a9JeremyJehanin46-768x1152.jpg 768w, https:\/\/mathieulebot.com\/wp-content\/uploads\/2025\/03\/OrchestreGalaxieA\u00a9JeremyJehanin46-scaled.jpg 1707w\" sizes=\"(max-width: 683px) 100vw, 683px\" \/>\t\t\t\t\t\t\t\t\t\t\t\t\t\t\t<\/div>\n\t\t\t\t<\/div>\n\t\t\t\t<\/div>\n\t\t<div class=\"elementor-element elementor-element-372f2e6 e-con-full e-flex e-con e-child\" data-id=\"372f2e6\" data-element_type=\"container\" data-e-type=\"container\">\n\t\t<div class=\"elementor-element elementor-element-36e0b16 e-con-full e-flex e-con e-child\" data-id=\"36e0b16\" data-element_type=\"container\" data-e-type=\"container\">\n\t\t\t\t<div class=\"elementor-element elementor-element-fc9ac67 elementor-widget elementor-widget-heading\" data-id=\"fc9ac67\" data-element_type=\"widget\" data-e-type=\"widget\" data-widget_type=\"heading.default\">\n\t\t\t\t<div class=\"elementor-widget-container\">\n\t\t\t\t\t<h2 class=\"elementor-heading-title elementor-size-default\">Enseignement<\/h2>\t\t\t\t<\/div>\n\t\t\t\t<\/div>\n\t\t\t\t<div class=\"elementor-element elementor-element-1f9f8ca elementor-widget elementor-widget-text-editor\" data-id=\"1f9f8ca\" data-element_type=\"widget\" data-e-type=\"widget\" data-widget_type=\"text-editor.default\">\n\t\t\t\t<div class=\"elementor-widget-container\">\n\t\t\t\t\t\t\t\t\t<div id=\"comp-k49m0mbc7\" class=\"HcOXKn SxM0TO QxJLC3 lq2cno YQcXTT comp-k49m0mbc7 wixui-rich-text\" data-testid=\"richTextElement\"><div id=\"comp-k49m0mbd1\" class=\"HcOXKn SxM0TO QxJLC3 lq2cno YQcXTT comp-k49m0mbd1 wixui-rich-text\" data-testid=\"richTextElement\"><span class=\"color_15 wixui-rich-text__text\">Passionn\u00e9 par la transmission du savoir, Mathieu enseigne la guitare, la musique et le son, en parall\u00e8le de son activit\u00e9 de musicien. Il est \u00e9galement l&rsquo;auteur de m\u00e9thodes p\u00e9dagogiques \u00e9dit\u00e9es chez <a href=\"https:\/\/www.play-music.com\/fr\"><strong>Play Music Publishing<\/strong><\/a>.<\/span><\/div><\/div>\t\t\t\t\t\t\t\t<\/div>\n\t\t\t\t<\/div>\n\t\t\t\t<\/div>\n\t\t\t\t<\/div>\n\t\t<div class=\"elementor-element elementor-element-ceb9cc6 e-con-full e-flex e-con e-child\" data-id=\"ceb9cc6\" data-element_type=\"container\" data-e-type=\"container\">\n\t\t\t\t<div class=\"elementor-element elementor-element-e4897e8 elementor-widget-mobile__width-initial elementor-widget elementor-widget-image\" data-id=\"e4897e8\" data-element_type=\"widget\" data-e-type=\"widget\" data-widget_type=\"image.default\">\n\t\t\t\t<div class=\"elementor-widget-container\">\n\t\t\t\t\t\t\t\t\t\t\t\t\t\t\t<img loading=\"lazy\" decoding=\"async\" width=\"970\" height=\"1024\" src=\"https:\/\/mathieulebot.com\/wp-content\/uploads\/2025\/03\/OrchestreGalaxieA\u00a9JeremyJehanin15-970x1024.jpg\" class=\"attachment-large size-large wp-image-618\" alt=\"\" srcset=\"https:\/\/mathieulebot.com\/wp-content\/uploads\/2025\/03\/OrchestreGalaxieA\u00a9JeremyJehanin15-970x1024.jpg 970w, https:\/\/mathieulebot.com\/wp-content\/uploads\/2025\/03\/OrchestreGalaxieA\u00a9JeremyJehanin15-284x300.jpg 284w, https:\/\/mathieulebot.com\/wp-content\/uploads\/2025\/03\/OrchestreGalaxieA\u00a9JeremyJehanin15-768x811.jpg 768w, https:\/\/mathieulebot.com\/wp-content\/uploads\/2025\/03\/OrchestreGalaxieA\u00a9JeremyJehanin15-1455x1536.jpg 1455w, https:\/\/mathieulebot.com\/wp-content\/uploads\/2025\/03\/OrchestreGalaxieA\u00a9JeremyJehanin15-1939x2048.jpg 1939w\" sizes=\"(max-width: 970px) 100vw, 970px\" \/>\t\t\t\t\t\t\t\t\t\t\t\t\t\t\t<\/div>\n\t\t\t\t<\/div>\n\t\t\t\t<\/div>\n\t\t<div class=\"elementor-element elementor-element-8ca4699 e-con-full e-flex e-con e-child\" data-id=\"8ca4699\" data-element_type=\"container\" data-e-type=\"container\">\n\t\t<div class=\"elementor-element elementor-element-0b9d111 e-con-full e-flex e-con e-child\" data-id=\"0b9d111\" data-element_type=\"container\" data-e-type=\"container\" data-settings=\"{&quot;background_background&quot;:&quot;classic&quot;}\">\n\t\t\t\t<div class=\"elementor-element elementor-element-078dbc4 elementor-widget elementor-widget-heading\" data-id=\"078dbc4\" data-element_type=\"widget\" data-e-type=\"widget\" data-widget_type=\"heading.default\">\n\t\t\t\t<div class=\"elementor-widget-container\">\n\t\t\t\t\t<h2 class=\"elementor-heading-title elementor-size-default\">Musique \u00e0 l'image<\/h2>\t\t\t\t<\/div>\n\t\t\t\t<\/div>\n\t\t\t\t<div class=\"elementor-element elementor-element-90479d6 elementor-widget elementor-widget-text-editor\" data-id=\"90479d6\" data-element_type=\"widget\" data-e-type=\"widget\" data-widget_type=\"text-editor.default\">\n\t\t\t\t<div class=\"elementor-widget-container\">\n\t\t\t\t\t\t\t\t\t<div id=\"comp-k49m0mbc7\" class=\"HcOXKn SxM0TO QxJLC3 lq2cno YQcXTT comp-k49m0mbc7 wixui-rich-text\" data-testid=\"richTextElement\"><div id=\"comp-k49m0mbd1\" class=\"HcOXKn SxM0TO QxJLC3 lq2cno YQcXTT comp-k49m0mbd1 wixui-rich-text\" data-testid=\"richTextElement\"><span class=\"color_15 wixui-rich-text__text\">Plusieurs collaborations lui ont r\u00e9v\u00e9l\u00e9 \u00e0 quel point le lien entre l&rsquo;image et la musique pouvait \u00eatre fort et puissant artistiquement. Une partie de son activit\u00e9 est orient\u00e9e d\u00e9sormais dans cette direction. Il f\u00fbt le co-cr\u00e9ateur avec <a href=\"http:\/\/cedricleguillerm.fr\/\"><strong>C\u00e9dric Le Guillerm<\/strong><\/a> et <a href=\"https:\/\/www.paullyonnaz.fr\/\"><strong>Paul Lyonnaz<\/strong><\/a> du <em>bureau des compositeurs \u00e0 l&rsquo;image<\/em> au sein de la <strong><a href=\"https:\/\/www.laplateforme.net\/\">Plateforme-P\u00f4le cin\u00e9ma des Pays de Loire<\/a><\/strong>.<\/span><\/div><\/div><div class=\"notranslate\" style=\"all: initial;\">\u00a0<\/div>\t\t\t\t\t\t\t\t<\/div>\n\t\t\t\t<\/div>\n\t\t\t\t<\/div>\n\t\t\t\t<\/div>\n\t\t\t\t<\/div>\n\t\t\t\t<\/div>\n\t\t","protected":false},"excerpt":{"rendered":"<p>photo Sarah Scaniglia Musicien Musicien professionnel depuis le d\u00e9but des ann\u00e9es 2000, Mathieu a eu le plaisir d&rsquo;accompagner des artistes d&rsquo;horizons diff\u00e9rents. Son go\u00fbt pour toutes les musiques lui a permis de d\u00e9velopper une polyvalence dans les musiques actuelles. Enseignement Passionn\u00e9 par la transmission du savoir, Mathieu enseigne la guitare, la musique et le son, [&hellip;]<\/p>\n","protected":false},"author":1,"featured_media":0,"parent":0,"menu_order":0,"comment_status":"closed","ping_status":"closed","template":"","meta":{"ocean_post_layout":"","ocean_both_sidebars_style":"","ocean_both_sidebars_content_width":0,"ocean_both_sidebars_sidebars_width":0,"ocean_sidebar":"","ocean_second_sidebar":"","ocean_disable_margins":"enable","ocean_add_body_class":"","ocean_shortcode_before_top_bar":"","ocean_shortcode_after_top_bar":"","ocean_shortcode_before_header":"","ocean_shortcode_after_header":"","ocean_has_shortcode":"","ocean_shortcode_after_title":"","ocean_shortcode_before_footer_widgets":"","ocean_shortcode_after_footer_widgets":"","ocean_shortcode_before_footer_bottom":"","ocean_shortcode_after_footer_bottom":"","ocean_display_top_bar":"default","ocean_display_header":"default","ocean_header_style":"","ocean_center_header_left_menu":"","ocean_custom_header_template":"","ocean_custom_logo":0,"ocean_custom_retina_logo":0,"ocean_custom_logo_max_width":0,"ocean_custom_logo_tablet_max_width":0,"ocean_custom_logo_mobile_max_width":0,"ocean_custom_logo_max_height":0,"ocean_custom_logo_tablet_max_height":0,"ocean_custom_logo_mobile_max_height":0,"ocean_header_custom_menu":"","ocean_menu_typo_font_family":"","ocean_menu_typo_font_subset":"","ocean_menu_typo_font_size":0,"ocean_menu_typo_font_size_tablet":0,"ocean_menu_typo_font_size_mobile":0,"ocean_menu_typo_font_size_unit":"px","ocean_menu_typo_font_weight":"","ocean_menu_typo_font_weight_tablet":"","ocean_menu_typo_font_weight_mobile":"","ocean_menu_typo_transform":"","ocean_menu_typo_transform_tablet":"","ocean_menu_typo_transform_mobile":"","ocean_menu_typo_line_height":0,"ocean_menu_typo_line_height_tablet":0,"ocean_menu_typo_line_height_mobile":0,"ocean_menu_typo_line_height_unit":"","ocean_menu_typo_spacing":0,"ocean_menu_typo_spacing_tablet":0,"ocean_menu_typo_spacing_mobile":0,"ocean_menu_typo_spacing_unit":"","ocean_menu_link_color":"","ocean_menu_link_color_hover":"","ocean_menu_link_color_active":"","ocean_menu_link_background":"","ocean_menu_link_hover_background":"","ocean_menu_link_active_background":"","ocean_menu_social_links_bg":"","ocean_menu_social_hover_links_bg":"","ocean_menu_social_links_color":"","ocean_menu_social_hover_links_color":"","ocean_disable_title":"default","ocean_disable_heading":"default","ocean_post_title":"","ocean_post_subheading":"","ocean_post_title_style":"","ocean_post_title_background_color":"","ocean_post_title_background":0,"ocean_post_title_bg_image_position":"","ocean_post_title_bg_image_attachment":"","ocean_post_title_bg_image_repeat":"","ocean_post_title_bg_image_size":"","ocean_post_title_height":0,"ocean_post_title_bg_overlay":0.5,"ocean_post_title_bg_overlay_color":"","ocean_disable_breadcrumbs":"default","ocean_breadcrumbs_color":"","ocean_breadcrumbs_separator_color":"","ocean_breadcrumbs_links_color":"","ocean_breadcrumbs_links_hover_color":"","ocean_display_footer_widgets":"default","ocean_display_footer_bottom":"default","ocean_custom_footer_template":"","footnotes":""},"class_list":["post-33","page","type-page","status-publish","hentry","entry"],"yoast_head":"<!-- This site is optimized with the Yoast SEO plugin v27.1.1 - https:\/\/yoast.com\/product\/yoast-seo-wordpress\/ -->\n<title>A propos - Mathieu Lebot<\/title>\n<meta name=\"robots\" content=\"index, follow, max-snippet:-1, max-image-preview:large, max-video-preview:-1\" \/>\n<link rel=\"canonical\" href=\"https:\/\/mathieulebot.com\/index.php\/a-propos\/\" \/>\n<meta property=\"og:locale\" content=\"fr_FR\" \/>\n<meta property=\"og:type\" content=\"article\" \/>\n<meta property=\"og:title\" content=\"A propos - Mathieu Lebot\" \/>\n<meta property=\"og:description\" content=\"photo Sarah Scaniglia Musicien Musicien professionnel depuis le d\u00e9but des ann\u00e9es 2000, Mathieu a eu le plaisir d&rsquo;accompagner des artistes d&rsquo;horizons diff\u00e9rents. Son go\u00fbt pour toutes les musiques lui a permis de d\u00e9velopper une polyvalence dans les musiques actuelles. Enseignement Passionn\u00e9 par la transmission du savoir, Mathieu enseigne la guitare, la musique et le son, [&hellip;]\" \/>\n<meta property=\"og:url\" content=\"https:\/\/mathieulebot.com\/index.php\/a-propos\/\" \/>\n<meta property=\"og:site_name\" content=\"Mathieu Lebot\" \/>\n<meta property=\"article:publisher\" content=\"https:\/\/www.facebook.com\/mathieu.lebot.5\" \/>\n<meta property=\"article:modified_time\" content=\"2025-04-30T20:23:53+00:00\" \/>\n<meta property=\"og:image\" content=\"https:\/\/mathieulebot.com\/wp-content\/uploads\/2025\/03\/Sarah-Scaniglia-127-WEB.jpg\" \/>\n\t<meta property=\"og:image:width\" content=\"1850\" \/>\n\t<meta property=\"og:image:height\" content=\"1233\" \/>\n\t<meta property=\"og:image:type\" content=\"image\/jpeg\" \/>\n<meta name=\"twitter:card\" content=\"summary_large_image\" \/>\n<meta name=\"twitter:label1\" content=\"Dur\u00e9e de lecture estim\u00e9e\" \/>\n\t<meta name=\"twitter:data1\" content=\"2 minutes\" \/>\n<script type=\"application\/ld+json\" class=\"yoast-schema-graph\">{\"@context\":\"https:\/\/schema.org\",\"@graph\":[{\"@type\":\"WebPage\",\"@id\":\"https:\/\/mathieulebot.com\/index.php\/a-propos\/\",\"url\":\"https:\/\/mathieulebot.com\/index.php\/a-propos\/\",\"name\":\"A propos - Mathieu Lebot\",\"isPartOf\":{\"@id\":\"https:\/\/mathieulebot.com\/#website\"},\"primaryImageOfPage\":{\"@id\":\"https:\/\/mathieulebot.com\/index.php\/a-propos\/#primaryimage\"},\"image\":{\"@id\":\"https:\/\/mathieulebot.com\/index.php\/a-propos\/#primaryimage\"},\"thumbnailUrl\":\"http:\/\/mathieulebot.com\/wp-content\/uploads\/2025\/03\/Sarah-Scaniglia-127-WEB-1024x682.jpg\",\"datePublished\":\"2025-03-19T09:23:59+00:00\",\"dateModified\":\"2025-04-30T20:23:53+00:00\",\"breadcrumb\":{\"@id\":\"https:\/\/mathieulebot.com\/index.php\/a-propos\/#breadcrumb\"},\"inLanguage\":\"fr-FR\",\"potentialAction\":[{\"@type\":\"ReadAction\",\"target\":[\"https:\/\/mathieulebot.com\/index.php\/a-propos\/\"]}]},{\"@type\":\"ImageObject\",\"inLanguage\":\"fr-FR\",\"@id\":\"https:\/\/mathieulebot.com\/index.php\/a-propos\/#primaryimage\",\"url\":\"https:\/\/mathieulebot.com\/wp-content\/uploads\/2025\/03\/Sarah-Scaniglia-127-WEB.jpg\",\"contentUrl\":\"https:\/\/mathieulebot.com\/wp-content\/uploads\/2025\/03\/Sarah-Scaniglia-127-WEB.jpg\",\"width\":1850,\"height\":1233},{\"@type\":\"BreadcrumbList\",\"@id\":\"https:\/\/mathieulebot.com\/index.php\/a-propos\/#breadcrumb\",\"itemListElement\":[{\"@type\":\"ListItem\",\"position\":1,\"name\":\"Accueil\",\"item\":\"https:\/\/mathieulebot.com\/\"},{\"@type\":\"ListItem\",\"position\":2,\"name\":\"A propos\"}]},{\"@type\":\"WebSite\",\"@id\":\"https:\/\/mathieulebot.com\/#website\",\"url\":\"https:\/\/mathieulebot.com\/\",\"name\":\"Mathieu Lebot\",\"description\":\"Musicien | Compositeur\",\"publisher\":{\"@id\":\"https:\/\/mathieulebot.com\/#organization\"},\"potentialAction\":[{\"@type\":\"SearchAction\",\"target\":{\"@type\":\"EntryPoint\",\"urlTemplate\":\"https:\/\/mathieulebot.com\/?s={search_term_string}\"},\"query-input\":{\"@type\":\"PropertyValueSpecification\",\"valueRequired\":true,\"valueName\":\"search_term_string\"}}],\"inLanguage\":\"fr-FR\"},{\"@type\":\"Organization\",\"@id\":\"https:\/\/mathieulebot.com\/#organization\",\"name\":\"Mathieu Lebot\",\"url\":\"https:\/\/mathieulebot.com\/\",\"logo\":{\"@type\":\"ImageObject\",\"inLanguage\":\"fr-FR\",\"@id\":\"https:\/\/mathieulebot.com\/#\/schema\/logo\/image\/\",\"url\":\"https:\/\/mathieulebot.com\/wp-content\/uploads\/2025\/03\/cropped-LOGO-ML-4.jpg\",\"contentUrl\":\"https:\/\/mathieulebot.com\/wp-content\/uploads\/2025\/03\/cropped-LOGO-ML-4.jpg\",\"width\":500,\"height\":301,\"caption\":\"Mathieu Lebot\"},\"image\":{\"@id\":\"https:\/\/mathieulebot.com\/#\/schema\/logo\/image\/\"},\"sameAs\":[\"https:\/\/www.facebook.com\/mathieu.lebot.5\",\"https:\/\/www.instagram.com\/__mathieu_lebot__\/\",\"https:\/\/www.linkedin.com\/in\/mathieu-lebot-b2745b1a6\/\"]}]}<\/script>\n<!-- \/ Yoast SEO plugin. -->","yoast_head_json":{"title":"A propos - Mathieu Lebot","robots":{"index":"index","follow":"follow","max-snippet":"max-snippet:-1","max-image-preview":"max-image-preview:large","max-video-preview":"max-video-preview:-1"},"canonical":"https:\/\/mathieulebot.com\/index.php\/a-propos\/","og_locale":"fr_FR","og_type":"article","og_title":"A propos - Mathieu Lebot","og_description":"photo Sarah Scaniglia Musicien Musicien professionnel depuis le d\u00e9but des ann\u00e9es 2000, Mathieu a eu le plaisir d&rsquo;accompagner des artistes d&rsquo;horizons diff\u00e9rents. Son go\u00fbt pour toutes les musiques lui a permis de d\u00e9velopper une polyvalence dans les musiques actuelles. Enseignement Passionn\u00e9 par la transmission du savoir, Mathieu enseigne la guitare, la musique et le son, [&hellip;]","og_url":"https:\/\/mathieulebot.com\/index.php\/a-propos\/","og_site_name":"Mathieu Lebot","article_publisher":"https:\/\/www.facebook.com\/mathieu.lebot.5","article_modified_time":"2025-04-30T20:23:53+00:00","og_image":[{"width":1850,"height":1233,"url":"https:\/\/mathieulebot.com\/wp-content\/uploads\/2025\/03\/Sarah-Scaniglia-127-WEB.jpg","type":"image\/jpeg"}],"twitter_card":"summary_large_image","twitter_misc":{"Dur\u00e9e de lecture estim\u00e9e":"2 minutes"},"schema":{"@context":"https:\/\/schema.org","@graph":[{"@type":"WebPage","@id":"https:\/\/mathieulebot.com\/index.php\/a-propos\/","url":"https:\/\/mathieulebot.com\/index.php\/a-propos\/","name":"A propos - Mathieu Lebot","isPartOf":{"@id":"https:\/\/mathieulebot.com\/#website"},"primaryImageOfPage":{"@id":"https:\/\/mathieulebot.com\/index.php\/a-propos\/#primaryimage"},"image":{"@id":"https:\/\/mathieulebot.com\/index.php\/a-propos\/#primaryimage"},"thumbnailUrl":"http:\/\/mathieulebot.com\/wp-content\/uploads\/2025\/03\/Sarah-Scaniglia-127-WEB-1024x682.jpg","datePublished":"2025-03-19T09:23:59+00:00","dateModified":"2025-04-30T20:23:53+00:00","breadcrumb":{"@id":"https:\/\/mathieulebot.com\/index.php\/a-propos\/#breadcrumb"},"inLanguage":"fr-FR","potentialAction":[{"@type":"ReadAction","target":["https:\/\/mathieulebot.com\/index.php\/a-propos\/"]}]},{"@type":"ImageObject","inLanguage":"fr-FR","@id":"https:\/\/mathieulebot.com\/index.php\/a-propos\/#primaryimage","url":"https:\/\/mathieulebot.com\/wp-content\/uploads\/2025\/03\/Sarah-Scaniglia-127-WEB.jpg","contentUrl":"https:\/\/mathieulebot.com\/wp-content\/uploads\/2025\/03\/Sarah-Scaniglia-127-WEB.jpg","width":1850,"height":1233},{"@type":"BreadcrumbList","@id":"https:\/\/mathieulebot.com\/index.php\/a-propos\/#breadcrumb","itemListElement":[{"@type":"ListItem","position":1,"name":"Accueil","item":"https:\/\/mathieulebot.com\/"},{"@type":"ListItem","position":2,"name":"A propos"}]},{"@type":"WebSite","@id":"https:\/\/mathieulebot.com\/#website","url":"https:\/\/mathieulebot.com\/","name":"Mathieu Lebot","description":"Musicien | Compositeur","publisher":{"@id":"https:\/\/mathieulebot.com\/#organization"},"potentialAction":[{"@type":"SearchAction","target":{"@type":"EntryPoint","urlTemplate":"https:\/\/mathieulebot.com\/?s={search_term_string}"},"query-input":{"@type":"PropertyValueSpecification","valueRequired":true,"valueName":"search_term_string"}}],"inLanguage":"fr-FR"},{"@type":"Organization","@id":"https:\/\/mathieulebot.com\/#organization","name":"Mathieu Lebot","url":"https:\/\/mathieulebot.com\/","logo":{"@type":"ImageObject","inLanguage":"fr-FR","@id":"https:\/\/mathieulebot.com\/#\/schema\/logo\/image\/","url":"https:\/\/mathieulebot.com\/wp-content\/uploads\/2025\/03\/cropped-LOGO-ML-4.jpg","contentUrl":"https:\/\/mathieulebot.com\/wp-content\/uploads\/2025\/03\/cropped-LOGO-ML-4.jpg","width":500,"height":301,"caption":"Mathieu Lebot"},"image":{"@id":"https:\/\/mathieulebot.com\/#\/schema\/logo\/image\/"},"sameAs":["https:\/\/www.facebook.com\/mathieu.lebot.5","https:\/\/www.instagram.com\/__mathieu_lebot__\/","https:\/\/www.linkedin.com\/in\/mathieu-lebot-b2745b1a6\/"]}]}},"_links":{"self":[{"href":"https:\/\/mathieulebot.com\/index.php\/wp-json\/wp\/v2\/pages\/33","targetHints":{"allow":["GET"]}}],"collection":[{"href":"https:\/\/mathieulebot.com\/index.php\/wp-json\/wp\/v2\/pages"}],"about":[{"href":"https:\/\/mathieulebot.com\/index.php\/wp-json\/wp\/v2\/types\/page"}],"author":[{"embeddable":true,"href":"https:\/\/mathieulebot.com\/index.php\/wp-json\/wp\/v2\/users\/1"}],"replies":[{"embeddable":true,"href":"https:\/\/mathieulebot.com\/index.php\/wp-json\/wp\/v2\/comments?post=33"}],"version-history":[{"count":91,"href":"https:\/\/mathieulebot.com\/index.php\/wp-json\/wp\/v2\/pages\/33\/revisions"}],"predecessor-version":[{"id":1419,"href":"https:\/\/mathieulebot.com\/index.php\/wp-json\/wp\/v2\/pages\/33\/revisions\/1419"}],"wp:attachment":[{"href":"https:\/\/mathieulebot.com\/index.php\/wp-json\/wp\/v2\/media?parent=33"}],"curies":[{"name":"wp","href":"https:\/\/api.w.org\/{rel}","templated":true}]}}